{"id":429,"date":"2020-01-23T17:01:28","date_gmt":"2020-01-23T20:01:28","guid":{"rendered":"http:\/\/sindicatodecerveceros.com\/?page_id=429"},"modified":"2020-01-23T17:01:28","modified_gmt":"2020-01-23T20:01:28","slug":"consultorios","status":"publish","type":"page","link":"https:\/\/sindicatodecerveceros.com\/index.php\/consultorios\/","title":{"rendered":"Consultorios"},"content":{"rendered":"\n<p>En nuestras instalaciones contamos con consultorios de atenci\u00f3n primaria a cargo de la Doctora Nancy Suar\u00e9z M\u00e9dica Cl\u00ednica los lunes, mi\u00e9rcoles y viernes de 16:30 a 19:00 horas.<\/p>\n\n\n\n<figure class=\"wp-block-image size-large\"><img fetchpriority=\"high\" decoding=\"async\" width=\"1024\" height=\"576\" src=\"https:\/\/sindicatodecerveceros.com\/wp-content\/uploads\/2020\/01\/WhatsApp-Image-2020-01-23-at-16.44.18-1024x576.jpeg\" alt=\"\" class=\"wp-image-430\" srcset=\"https:\/\/sindicatodecerveceros.com\/wp-content\/uploads\/2020\/01\/WhatsApp-Image-2020-01-23-at-16.44.18-1024x576.jpeg 1024w, https:\/\/sindicatodecerveceros.com\/wp-content\/uploads\/2020\/01\/WhatsApp-Image-2020-01-23-at-16.44.18-300x169.jpeg 300w, https:\/\/sindicatodecerveceros.com\/wp-content\/uploads\/2020\/01\/WhatsApp-Image-2020-01-23-at-16.44.18-768x432.jpeg 768w, https:\/\/sindicatodecerveceros.com\/wp-content\/uploads\/2020\/01\/WhatsApp-Image-2020-01-23-at-16.44.18-830x467.jpeg 830w, https:\/\/sindicatodecerveceros.com\/wp-content\/uploads\/2020\/01\/WhatsApp-Image-2020-01-23-at-16.44.18-230x129.jpeg 230w, https:\/\/sindicatodecerveceros.com\/wp-content\/uploads\/2020\/01\/WhatsApp-Image-2020-01-23-at-16.44.18-350x197.jpeg 350w, https:\/\/sindicatodecerveceros.com\/wp-content\/uploads\/2020\/01\/WhatsApp-Image-2020-01-23-at-16.44.18-480x270.jpeg 480w, https:\/\/sindicatodecerveceros.com\/wp-content\/uploads\/2020\/01\/WhatsApp-Image-2020-01-23-at-16.44.18.jpeg 1280w\" sizes=\"(max-width: 1024px) 100vw, 1024px\" \/><\/figure>\n\n\n\n<p>Tambi\u00e9n contamos con atenci\u00f3n ontol\u00f3gica con las doctoras Carolina Barrios los d\u00edas lunes de 18:30 a 19:30 y la Doctora Fernanda Bogado los d\u00edas martes y jueves de 16:30 a 19:00 horas.<\/p>\n\n\n\n<figure class=\"wp-block-image size-large\"><img decoding=\"async\" width=\"1024\" height=\"576\" src=\"https:\/\/sindicatodecerveceros.com\/wp-content\/uploads\/2020\/01\/WhatsApp-Image-2020-01-23-at-16.44.18-1-1-1024x576.jpeg\" alt=\"\" class=\"wp-image-432\" srcset=\"https:\/\/sindicatodecerveceros.com\/wp-content\/uploads\/2020\/01\/WhatsApp-Image-2020-01-23-at-16.44.18-1-1-1024x576.jpeg 1024w, https:\/\/sindicatodecerveceros.com\/wp-content\/uploads\/2020\/01\/WhatsApp-Image-2020-01-23-at-16.44.18-1-1-300x169.jpeg 300w, https:\/\/sindicatodecerveceros.com\/wp-content\/uploads\/2020\/01\/WhatsApp-Image-2020-01-23-at-16.44.18-1-1-768x432.jpeg 768w, https:\/\/sindicatodecerveceros.com\/wp-content\/uploads\/2020\/01\/WhatsApp-Image-2020-01-23-at-16.44.18-1-1-830x467.jpeg 830w, https:\/\/sindicatodecerveceros.com\/wp-content\/uploads\/2020\/01\/WhatsApp-Image-2020-01-23-at-16.44.18-1-1-230x129.jpeg 230w, https:\/\/sindicatodecerveceros.com\/wp-content\/uploads\/2020\/01\/WhatsApp-Image-2020-01-23-at-16.44.18-1-1-350x197.jpeg 350w, https:\/\/sindicatodecerveceros.com\/wp-content\/uploads\/2020\/01\/WhatsApp-Image-2020-01-23-at-16.44.18-1-1-480x270.jpeg 480w, https:\/\/sindicatodecerveceros.com\/wp-content\/uploads\/2020\/01\/WhatsApp-Image-2020-01-23-at-16.44.18-1-1.jpeg 1280w\" sizes=\"(max-width: 1024px) 100vw, 1024px\" \/><\/figure>\n\n\n\n<p>Adem\u00e1s,  nuestros afiliados cuentan con el beneficio del 10% al 20% de cobertura en medicamentos.  <\/p>\n","protected":false},"excerpt":{"rendered":"<p>En nuestras instalaciones contamos con consultorios de atenci\u00f3n primaria a cargo de la Doctora Nancy Suar\u00e9z M\u00e9dica Cl\u00ednica los lunes, mi\u00e9rcoles y [&hellip;]<\/p>\n","protected":false},"author":1,"featured_media":0,"parent":0,"menu_order":0,"comment_status":"closed","ping_status":"closed","template":"","meta":{"footnotes":""},"class_list":["post-429","page","type-page","status-publish","hentry"],"_links":{"self":[{"href":"https:\/\/sindicatodecerveceros.com\/index.php\/wp-json\/wp\/v2\/pages\/429","targetHints":{"allow":["GET"]}}],"collection":[{"href":"https:\/\/sindicatodecerveceros.com\/index.php\/wp-json\/wp\/v2\/pages"}],"about":[{"href":"https:\/\/sindicatodecerveceros.com\/index.php\/wp-json\/wp\/v2\/types\/page"}],"author":[{"embeddable":true,"href":"https:\/\/sindicatodecerveceros.com\/index.php\/wp-json\/wp\/v2\/users\/1"}],"replies":[{"embeddable":true,"href":"https:\/\/sindicatodecerveceros.com\/index.php\/wp-json\/wp\/v2\/comments?post=429"}],"version-history":[{"count":1,"href":"https:\/\/sindicatodecerveceros.com\/index.php\/wp-json\/wp\/v2\/pages\/429\/revisions"}],"predecessor-version":[{"id":434,"href":"https:\/\/sindicatodecerveceros.com\/index.php\/wp-json\/wp\/v2\/pages\/429\/revisions\/434"}],"wp:attachment":[{"href":"https:\/\/sindicatodecerveceros.com\/index.php\/wp-json\/wp\/v2\/media?parent=429"}],"curies":[{"name":"wp","href":"https:\/\/api.w.org\/{rel}","templated":true}]}}