{"id":215,"date":"2020-01-08T16:34:39","date_gmt":"2020-01-08T19:34:39","guid":{"rendered":"http:\/\/sindicatodecerveceros.com\/?page_id=215"},"modified":"2020-01-21T12:25:24","modified_gmt":"2020-01-21T15:25:24","slug":"capacitacion-de-oficios","status":"publish","type":"page","link":"https:\/\/sindicatodecerveceros.com\/index.php\/capacitacion-de-oficios\/","title":{"rendered":"Capacitaci\u00f3n de Oficios"},"content":{"rendered":"\n<p>Firmamos un convenio de Cooperaci\u00f3n y Asistencia Rec\u00edproca con el  subsecretario de Trabajo de Corrientes, Jorge Rivolta.<\/p>\n\n\n\n<p>Gracias al Convenio de Cooperaci\u00f3n y Asistencia Rec\u00edproca, se llevaron adelante la confecci\u00f3n de programa de capacitaci\u00f3n en diferentes   oficios y actividades programadas, ante lo cual ambas instituciones pondr\u00e1n a disposici\u00f3n su personal t\u00e9cnico, instalaciones y apoyo log\u00edstico para realizar dichas acciones. <\/p>\n\n\n\n<p>Desde la Comisi\u00f3n Directiva brindamos todas las herramientas para que estos programas tuvieran lugar y se puedan realizar en su totalidad. Procedimos a la compra de Materiales y Herramientas, para dar inicio al primer curso de Carpinter\u00eda.<\/p>\n\n\n\n<figure class=\"wp-block-gallery columns-3 is-cropped wp-block-gallery-1 is-layout-flex wp-block-gallery-is-layout-flex\"><ul class=\"blocks-gallery-grid\"><li class=\"blocks-gallery-item\"><figure><img fetchpriority=\"high\" decoding=\"async\" width=\"1024\" height=\"768\" src=\"https:\/\/sindicatodecerveceros.com\/wp-content\/uploads\/2020\/01\/WhatsApp-Image-2019-12-28-at-11.54.33-1-1024x768.jpg\" alt=\"\" data-id=\"407\" data-link=\"https:\/\/sindicatodecerveceros.com\/index.php\/capacitacion-de-oficios\/whatsapp-image-2019-12-28-at-11-54-33-1\/\" class=\"wp-image-407\" srcset=\"https:\/\/sindicatodecerveceros.com\/wp-content\/uploads\/2020\/01\/WhatsApp-Image-2019-12-28-at-11.54.33-1-1024x768.jpg 1024w, https:\/\/sindicatodecerveceros.com\/wp-content\/uploads\/2020\/01\/WhatsApp-Image-2019-12-28-at-11.54.33-1-300x225.jpg 300w, https:\/\/sindicatodecerveceros.com\/wp-content\/uploads\/2020\/01\/WhatsApp-Image-2019-12-28-at-11.54.33-1-768x576.jpg 768w, https:\/\/sindicatodecerveceros.com\/wp-content\/uploads\/2020\/01\/WhatsApp-Image-2019-12-28-at-11.54.33-1-830x623.jpg 830w, https:\/\/sindicatodecerveceros.com\/wp-content\/uploads\/2020\/01\/WhatsApp-Image-2019-12-28-at-11.54.33-1-230x173.jpg 230w, https:\/\/sindicatodecerveceros.com\/wp-content\/uploads\/2020\/01\/WhatsApp-Image-2019-12-28-at-11.54.33-1-350x263.jpg 350w, https:\/\/sindicatodecerveceros.com\/wp-content\/uploads\/2020\/01\/WhatsApp-Image-2019-12-28-at-11.54.33-1-480x360.jpg 480w, https:\/\/sindicatodecerveceros.com\/wp-content\/uploads\/2020\/01\/WhatsApp-Image-2019-12-28-at-11.54.33-1.jpg 1280w\" sizes=\"(max-width: 1024px) 100vw, 1024px\" \/><\/figure><\/li><li class=\"blocks-gallery-item\"><figure><img decoding=\"async\" width=\"768\" height=\"1024\" src=\"https:\/\/sindicatodecerveceros.com\/wp-content\/uploads\/2020\/01\/WhatsApp-Image-2019-12-28-at-11.54.32-768x1024.jpg\" alt=\"\" data-id=\"408\" data-link=\"https:\/\/sindicatodecerveceros.com\/index.php\/capacitacion-de-oficios\/whatsapp-image-2019-12-28-at-11-54-32\/\" class=\"wp-image-408\" srcset=\"https:\/\/sindicatodecerveceros.com\/wp-content\/uploads\/2020\/01\/WhatsApp-Image-2019-12-28-at-11.54.32-768x1024.jpg 768w, https:\/\/sindicatodecerveceros.com\/wp-content\/uploads\/2020\/01\/WhatsApp-Image-2019-12-28-at-11.54.32-225x300.jpg 225w, https:\/\/sindicatodecerveceros.com\/wp-content\/uploads\/2020\/01\/WhatsApp-Image-2019-12-28-at-11.54.32-830x1107.jpg 830w, https:\/\/sindicatodecerveceros.com\/wp-content\/uploads\/2020\/01\/WhatsApp-Image-2019-12-28-at-11.54.32-230x307.jpg 230w, https:\/\/sindicatodecerveceros.com\/wp-content\/uploads\/2020\/01\/WhatsApp-Image-2019-12-28-at-11.54.32-350x467.jpg 350w, https:\/\/sindicatodecerveceros.com\/wp-content\/uploads\/2020\/01\/WhatsApp-Image-2019-12-28-at-11.54.32-480x640.jpg 480w, https:\/\/sindicatodecerveceros.com\/wp-content\/uploads\/2020\/01\/WhatsApp-Image-2019-12-28-at-11.54.32.jpg 960w\" sizes=\"(max-width: 768px) 100vw, 768px\" \/><\/figure><\/li><li class=\"blocks-gallery-item\"><figure><img decoding=\"async\" width=\"1024\" height=\"768\" src=\"https:\/\/sindicatodecerveceros.com\/wp-content\/uploads\/2020\/01\/WhatsApp-Image-2019-12-28-at-11.54.34-1-1024x768.jpg\" alt=\"\" data-id=\"409\" data-link=\"https:\/\/sindicatodecerveceros.com\/index.php\/capacitacion-de-oficios\/whatsapp-image-2019-12-28-at-11-54-34-1\/\" class=\"wp-image-409\" srcset=\"https:\/\/sindicatodecerveceros.com\/wp-content\/uploads\/2020\/01\/WhatsApp-Image-2019-12-28-at-11.54.34-1-1024x768.jpg 1024w, https:\/\/sindicatodecerveceros.com\/wp-content\/uploads\/2020\/01\/WhatsApp-Image-2019-12-28-at-11.54.34-1-300x225.jpg 300w, https:\/\/sindicatodecerveceros.com\/wp-content\/uploads\/2020\/01\/WhatsApp-Image-2019-12-28-at-11.54.34-1-768x576.jpg 768w, https:\/\/sindicatodecerveceros.com\/wp-content\/uploads\/2020\/01\/WhatsApp-Image-2019-12-28-at-11.54.34-1-830x623.jpg 830w, https:\/\/sindicatodecerveceros.com\/wp-content\/uploads\/2020\/01\/WhatsApp-Image-2019-12-28-at-11.54.34-1-230x173.jpg 230w, https:\/\/sindicatodecerveceros.com\/wp-content\/uploads\/2020\/01\/WhatsApp-Image-2019-12-28-at-11.54.34-1-350x263.jpg 350w, https:\/\/sindicatodecerveceros.com\/wp-content\/uploads\/2020\/01\/WhatsApp-Image-2019-12-28-at-11.54.34-1-480x360.jpg 480w, https:\/\/sindicatodecerveceros.com\/wp-content\/uploads\/2020\/01\/WhatsApp-Image-2019-12-28-at-11.54.34-1.jpg 1280w\" sizes=\"(max-width: 1024px) 100vw, 1024px\" \/><\/figure><\/li><li class=\"blocks-gallery-item\"><figure><img loading=\"lazy\" decoding=\"async\" width=\"768\" height=\"1024\" src=\"https:\/\/sindicatodecerveceros.com\/wp-content\/uploads\/2020\/01\/WhatsApp-Image-2019-11-02-at-13.03.53-768x1024.jpg\" alt=\"\" data-id=\"410\" data-full-url=\"https:\/\/sindicatodecerveceros.com\/wp-content\/uploads\/2020\/01\/WhatsApp-Image-2019-11-02-at-13.03.53.jpg\" data-link=\"https:\/\/sindicatodecerveceros.com\/index.php\/capacitacion-de-oficios\/whatsapp-image-2019-11-02-at-13-03-53\/\" class=\"wp-image-410\" srcset=\"https:\/\/sindicatodecerveceros.com\/wp-content\/uploads\/2020\/01\/WhatsApp-Image-2019-11-02-at-13.03.53-768x1024.jpg 768w, https:\/\/sindicatodecerveceros.com\/wp-content\/uploads\/2020\/01\/WhatsApp-Image-2019-11-02-at-13.03.53-225x300.jpg 225w, https:\/\/sindicatodecerveceros.com\/wp-content\/uploads\/2020\/01\/WhatsApp-Image-2019-11-02-at-13.03.53-830x1107.jpg 830w, https:\/\/sindicatodecerveceros.com\/wp-content\/uploads\/2020\/01\/WhatsApp-Image-2019-11-02-at-13.03.53-230x307.jpg 230w, https:\/\/sindicatodecerveceros.com\/wp-content\/uploads\/2020\/01\/WhatsApp-Image-2019-11-02-at-13.03.53-350x467.jpg 350w, https:\/\/sindicatodecerveceros.com\/wp-content\/uploads\/2020\/01\/WhatsApp-Image-2019-11-02-at-13.03.53-480x640.jpg 480w, https:\/\/sindicatodecerveceros.com\/wp-content\/uploads\/2020\/01\/WhatsApp-Image-2019-11-02-at-13.03.53.jpg 960w\" sizes=\"(max-width: 768px) 100vw, 768px\" \/><\/figure><\/li><li class=\"blocks-gallery-item\"><figure><img loading=\"lazy\" decoding=\"async\" width=\"1024\" height=\"768\" src=\"https:\/\/sindicatodecerveceros.com\/wp-content\/uploads\/2020\/01\/WhatsApp-Image-2019-11-02-at-13.03.54-1024x768.jpg\" alt=\"\" data-id=\"411\" data-full-url=\"https:\/\/sindicatodecerveceros.com\/wp-content\/uploads\/2020\/01\/WhatsApp-Image-2019-11-02-at-13.03.54.jpg\" data-link=\"https:\/\/sindicatodecerveceros.com\/index.php\/capacitacion-de-oficios\/whatsapp-image-2019-11-02-at-13-03-54\/\" class=\"wp-image-411\" srcset=\"https:\/\/sindicatodecerveceros.com\/wp-content\/uploads\/2020\/01\/WhatsApp-Image-2019-11-02-at-13.03.54-1024x768.jpg 1024w, https:\/\/sindicatodecerveceros.com\/wp-content\/uploads\/2020\/01\/WhatsApp-Image-2019-11-02-at-13.03.54-300x225.jpg 300w, https:\/\/sindicatodecerveceros.com\/wp-content\/uploads\/2020\/01\/WhatsApp-Image-2019-11-02-at-13.03.54-768x576.jpg 768w, https:\/\/sindicatodecerveceros.com\/wp-content\/uploads\/2020\/01\/WhatsApp-Image-2019-11-02-at-13.03.54-830x623.jpg 830w, https:\/\/sindicatodecerveceros.com\/wp-content\/uploads\/2020\/01\/WhatsApp-Image-2019-11-02-at-13.03.54-230x173.jpg 230w, https:\/\/sindicatodecerveceros.com\/wp-content\/uploads\/2020\/01\/WhatsApp-Image-2019-11-02-at-13.03.54-350x263.jpg 350w, https:\/\/sindicatodecerveceros.com\/wp-content\/uploads\/2020\/01\/WhatsApp-Image-2019-11-02-at-13.03.54-480x360.jpg 480w, https:\/\/sindicatodecerveceros.com\/wp-content\/uploads\/2020\/01\/WhatsApp-Image-2019-11-02-at-13.03.54.jpg 1280w\" sizes=\"(max-width: 1024px) 100vw, 1024px\" \/><\/figure><\/li><\/ul><\/figure>\n\n\n\n<p>De manos de los Maestros Ram\u00f3n Gimenez y Ram\u00f3n Romero, hemos culminado la primer  etapa de Carpinter\u00eda.<\/p>\n\n\n\n<p>Seguimos trabajando para sumar m\u00e1s oficios, confiamos en que en el transcurrir del a\u00f1o lograremos la apertura de nuevas capacitaciones en otros oficios. <\/p>\n","protected":false},"excerpt":{"rendered":"<p>Firmamos un convenio de Cooperaci\u00f3n y Asistencia Rec\u00edproca con el subsecretario de Trabajo de Corrientes, Jorge Rivolta. Gracias al Convenio de Cooperaci\u00f3n [&hellip;]<\/p>\n","protected":false},"author":1,"featured_media":0,"parent":0,"menu_order":0,"comment_status":"closed","ping_status":"closed","template":"","meta":{"footnotes":""},"class_list":["post-215","page","type-page","status-publish","hentry"],"_links":{"self":[{"href":"https:\/\/sindicatodecerveceros.com\/index.php\/wp-json\/wp\/v2\/pages\/215","targetHints":{"allow":["GET"]}}],"collection":[{"href":"https:\/\/sindicatodecerveceros.com\/index.php\/wp-json\/wp\/v2\/pages"}],"about":[{"href":"https:\/\/sindicatodecerveceros.com\/index.php\/wp-json\/wp\/v2\/types\/page"}],"author":[{"embeddable":true,"href":"https:\/\/sindicatodecerveceros.com\/index.php\/wp-json\/wp\/v2\/users\/1"}],"replies":[{"embeddable":true,"href":"https:\/\/sindicatodecerveceros.com\/index.php\/wp-json\/wp\/v2\/comments?post=215"}],"version-history":[{"count":2,"href":"https:\/\/sindicatodecerveceros.com\/index.php\/wp-json\/wp\/v2\/pages\/215\/revisions"}],"predecessor-version":[{"id":414,"href":"https:\/\/sindicatodecerveceros.com\/index.php\/wp-json\/wp\/v2\/pages\/215\/revisions\/414"}],"wp:attachment":[{"href":"https:\/\/sindicatodecerveceros.com\/index.php\/wp-json\/wp\/v2\/media?parent=215"}],"curies":[{"name":"wp","href":"https:\/\/api.w.org\/{rel}","templated":true}]}}